{"id":350,"date":"2016-01-25T18:36:26","date_gmt":"2016-01-25T23:36:26","guid":{"rendered":"http:\/\/claudiabeauregard.com\/blog\/?page_id=350"},"modified":"2018-04-05T15:46:57","modified_gmt":"2018-04-05T19:46:57","slug":"developper-son-entreprise","status":"publish","type":"page","link":"https:\/\/claudiabeauregard.com\/blog\/developper-son-entreprise\/","title":{"rendered":"D\u00e9velopper son entreprise"},"content":{"rendered":"<h2>Strat\u00e9gies et conseils marketing pour d\u00e9velopper son entreprise<\/h2>\n<p>Voici une liste d&rsquo;actions strat\u00e9giques pour aider \u00e0 bien d\u00e9velopper son entreprise afin d&rsquo;augmenter sa notori\u00e9t\u00e9, ses ventes et sa rentabilit\u00e9.<\/p>\n<ul>\n<li>D\u00e9finir ce que vous avez \u00e0 offrir afin que ce soit attirant, int\u00e9ressant et convainquant<\/li>\n<li>Cibler et\u00a0conna\u00eetre votre client\u00e8le afin d&rsquo;adapter vos strat\u00e9gies de communication et de ventes<\/li>\n<li>Concevoir un plan d&rsquo;affaires pour tracer le chemin \u00e0 suivre pour r\u00e9ussir\u00a0et pour aller chercher du financement<\/li>\n<li>Rechercher et analyser de l&rsquo;information sur votre industrie et votre concurrence pour trouver les fa\u00e7ons\u00a0de bien vous d\u00e9marquer<\/li>\n<li>Savoir s&rsquo;entourer de gens aux comp\u00e9tences compl\u00e9mentaires. Un fondateur d&rsquo;entreprise\u00a0se concentre souvent sur son produit, mais ne ma\u00eetrise pas les strat\u00e9gies marketing pour d\u00e9velopper son entreprise. \u00a0Consultez cet <a href=\"http:\/\/affaires.lapresse.ca\/portfolio\/pme\/201210\/09\/01-4581459-dix-precieux-conseils-pour-demarrer-son-entreprise.php\" target=\"_blank\" rel=\"noopener\">article<\/a>.<\/li>\n<li>R\u00e9diger des messages cl\u00e9s puis utiliser les bons moyens et outils pour\u00a0attirer l\u2019attention, cr\u00e9er le besoin, informer, convaincre, \u00eatre facile \u00e0 trouver et fid\u00e9liser = Plan marketing\n<ul>\n<li><span style=\"line-height: 1.5;\">Cr\u00e9er une image de marque (branding, logo) simple, esth\u00e9tique, efficace<\/span><\/li>\n<li>Concevoir un site web en WordPress qui met en valeur vos forces et\u00a0vos\u00a0arguments de vente<\/li>\n<li>Utiliser des strat\u00e9gies de r\u00e9f\u00e9rencement pour que vous soyez facile \u00e0 trouver sur\u00a0Google<\/li>\n<li>\u00catre cr\u00e9atif pour obtenir de la visibilit\u00e9 tout en respectant votre budget<\/li>\n<\/ul>\n<\/li>\n<\/ul>\n\n\t\t<style type=\"text\/css\">\n\t\t\t#gallery-1 {\n\t\t\t\tmargin: auto;\n\t\t\t}\n\t\t\t#gallery-1 .gallery-item {\n\t\t\t\tfloat: left;\n\t\t\t\tmargin-top: 10px;\n\t\t\t\ttext-align: center;\n\t\t\t\twidth: 16%;\n\t\t\t}\n\t\t\t#gallery-1 img {\n\t\t\t\tborder: 2px solid #cfcfcf;\n\t\t\t}\n\t\t\t#gallery-1 .gallery-caption {\n\t\t\t\tmargin-left: 0;\n\t\t\t}\n\t\t\t\/* see gallery_shortcode() in wp-includes\/media.php *\/\n\t\t<\/style>\n\t\t<div id='gallery-1' class='gallery galleryid-350 gallery-columns-6 gallery-size-thumbnail'><dl class='gallery-item'>\n\t\t\t<dt class='gallery-icon landscape'>\n\t\t\t\t<a href='https:\/\/claudiabeauregard.com\/blog\/developper-son-entreprise\/1454555025_magnifier-data\/#main'><img width=\"128\" height=\"128\" src=\"https:\/\/claudiabeauregard.com\/blog\/wp-content\/uploads\/2016\/01\/1454555025_magnifier-data.png\" class=\"attachment-thumbnail size-thumbnail\" alt=\"\" decoding=\"async\" loading=\"lazy\" aria-describedby=\"gallery-1-400\" \/><\/a>\n\t\t\t<\/dt>\n\t\t\t\t<dd class='wp-caption-text gallery-caption' id='gallery-1-400'>\n\t\t\t\tAnalyser\n\t\t\t\t<\/dd><\/dl><dl class='gallery-item'>\n\t\t\t<dt class='gallery-icon landscape'>\n\t\t\t\t<a href='https:\/\/claudiabeauregard.com\/blog\/developper-son-entreprise\/1454555199_miscellaneous-56\/#main'><img width=\"128\" height=\"128\" src=\"https:\/\/claudiabeauregard.com\/blog\/wp-content\/uploads\/2016\/01\/1454555199_miscellaneous-56.png\" class=\"attachment-thumbnail size-thumbnail\" alt=\"D\u00e9velopper son entreprise en priorisant les actions\" decoding=\"async\" loading=\"lazy\" aria-describedby=\"gallery-1-402\" \/><\/a>\n\t\t\t<\/dt>\n\t\t\t\t<dd class='wp-caption-text gallery-caption' id='gallery-1-402'>\n\t\t\t\tSynth\u00e9tiser\n\t\t\t\t<\/dd><\/dl><dl class='gallery-item'>\n\t\t\t<dt class='gallery-icon landscape'>\n\t\t\t\t<a href='https:\/\/claudiabeauregard.com\/blog\/developper-son-entreprise\/1454555385_vector_65_08\/#main'><img width=\"128\" height=\"128\" src=\"https:\/\/claudiabeauregard.com\/blog\/wp-content\/uploads\/2016\/01\/1454555385_vector_65_08.png\" class=\"attachment-thumbnail size-thumbnail\" alt=\"vous guider \u00e0 bien planifier et budg\u00e9ter\" decoding=\"async\" loading=\"lazy\" aria-describedby=\"gallery-1-406\" \/><\/a>\n\t\t\t<\/dt>\n\t\t\t\t<dd class='wp-caption-text gallery-caption' id='gallery-1-406'>\n\t\t\t\tBudg\u00e9ter\n\t\t\t\t<\/dd><\/dl><dl class='gallery-item'>\n\t\t\t<dt class='gallery-icon landscape'>\n\t\t\t\t<a href='https:\/\/claudiabeauregard.com\/blog\/developper-son-entreprise\/1454553892_internt_web_technology-02\/#main'><img width=\"128\" height=\"124\" src=\"https:\/\/claudiabeauregard.com\/blog\/wp-content\/uploads\/2016\/01\/1454553892_internt_web_technology-02.png\" class=\"attachment-thumbnail size-thumbnail\" alt=\"\" decoding=\"async\" loading=\"lazy\" aria-describedby=\"gallery-1-388\" \/><\/a>\n\t\t\t<\/dt>\n\t\t\t\t<dd class='wp-caption-text gallery-caption' id='gallery-1-388'>\n\t\t\t\tMettre en action\n\t\t\t\t<\/dd><\/dl><dl class='gallery-item'>\n\t\t\t<dt class='gallery-icon landscape'>\n\t\t\t\t<a href='https:\/\/claudiabeauregard.com\/blog\/developper-son-entreprise\/1454553994_vector_65_15\/#main'><img width=\"128\" height=\"128\" src=\"https:\/\/claudiabeauregard.com\/blog\/wp-content\/uploads\/2016\/01\/1454553994_vector_65_15.png\" class=\"attachment-thumbnail size-thumbnail\" alt=\"developper son entreprise efficacement\" decoding=\"async\" loading=\"lazy\" aria-describedby=\"gallery-1-393\" \/><\/a>\n\t\t\t<\/dt>\n\t\t\t\t<dd class='wp-caption-text gallery-caption' id='gallery-1-393'>\n\t\t\t\tAtteindre les r\u00e9sultats\n\t\t\t\t<\/dd><\/dl>\n\t\t\t<br style='clear: both' \/>\n\t\t<\/div>\n\n<h3>Mon exp\u00e9rience en d\u00e9marrage d&rsquo;entreprise<\/h3>\n<p>Je me suis impliqu\u00e9e dans la cr\u00e9ation ou la restructuration d&rsquo;entreprises dans des secteurs manufacturiers, communication, divertissement, distributeur, culturel, environnemental, commercial et industriel.<\/p>\n<p>Selon les besoins et le budget du client, j&rsquo;adapte mon type d&rsquo;intervention. Je peux \u00eatre une employ\u00e9e \u00e0 temps partiel, une sous-traitante, pigiste, formatrice, consultante avec un budget ou une banque d&rsquo;heures. Je vous permet d&rsquo;obtenir des conseils et des outils professionnels de fa\u00e7on \u00e9conomique.<\/p>\n<ul>\n<li>Validation ou cr\u00e9ation de votre nom d&rsquo;entreprise, de votre logo et slogan.<\/li>\n<li>Recherches et pr\u00e9sentation\u00a0de donn\u00e9es concurrentielles pour bien vous situer face \u00e0 votre concurrence.<\/li>\n<li>R\u00e9daction des meilleurs arguments de vente et de votre positionnement commercial.<\/li>\n<li>Conception de votre site internet convivial, strat\u00e9gique et esth\u00e9tique.<\/li>\n<li>Mise en place de strat\u00e9gies et d&rsquo;outils pour attirer des clients sur votre site web et mesurer la performance.<\/li>\n<\/ul>\n<p><img decoding=\"async\" loading=\"lazy\" class=\"aligncenter wp-image-410 size-large\" title=\"d\u00e9velopper son entreprise expansion\" src=\"http:\/\/claudiabeauregard.com\/blog\/wp-content\/uploads\/2016\/01\/developper_entreprise-1024x260.jpg\" alt=\"d\u00e9velopper son entreprise expansion abstraite\" width=\"720\" height=\"183\" srcset=\"https:\/\/claudiabeauregard.com\/blog\/wp-content\/uploads\/2016\/01\/developper_entreprise-1024x260.jpg 1024w, https:\/\/claudiabeauregard.com\/blog\/wp-content\/uploads\/2016\/01\/developper_entreprise-300x76.jpg 300w, https:\/\/claudiabeauregard.com\/blog\/wp-content\/uploads\/2016\/01\/developper_entreprise-768x195.jpg 768w, https:\/\/claudiabeauregard.com\/blog\/wp-content\/uploads\/2016\/01\/developper_entreprise.jpg 1274w\" sizes=\"(max-width: 720px) 100vw, 720px\" \/><\/p>\n<h5><\/h5>\n<h5><\/h5>\n<h5><\/h5>\n<h5><\/h5>\n<h5><\/h5>\n<h5><\/h5>\n<h5>D\u00e9velopper votre entreprise : comme votre bras droit<\/h5>\n<ul>\n<li>J&rsquo;analyse les opportunit\u00e9s d&rsquo;affaires et recommandes des strat\u00e9gies pour\u00a0d\u00e9velopper de nouveaux march\u00e9s ou\u00a0prendre des parts de march\u00e9 \u00e0 vos concurrents.<\/li>\n<li>Je mets en place des m\u00e9thodes de communication internes et externes pour faciliter la compr\u00e9hension de ce que vous faites et de vos objectifs.<\/li>\n<li>J&rsquo;encadre et donne des outils pour motiver et \u00e9valuer l&rsquo;\u00e9quipe ou la personne aux ventes afin de g\u00e9n\u00e9rer de meilleures\u00a0ventes.<\/li>\n<li>En dressant une liste des comp\u00e9tences que l&rsquo;entreprise a besoin, j&rsquo;analyse la performance des employ\u00e9s, formule des descriptions de t\u00e2ches\u00a0et recommande si vous avez\u00a0besoin de cong\u00e9dier, d&rsquo;engager ou d&rsquo;utiliser des sous-traitants.<\/li>\n<li>Je recherche tous les types de financement et subventions auxquels l&rsquo;entreprise est admissible\u00a0et je pr\u00e9pare ces demandes.<\/li>\n<li>Je trouve\u00a0les meilleures ressources et r\u00e9partis les t\u00e2ches pour concevoir efficacement et \u00e0 moindre co\u00fbt les outils de vente.<\/li>\n<li>Je vous questionne sur votre strat\u00e9gie de mise en march\u00e9, de commercialisation, de distribution et vous conseille des m\u00e9thodes plus rentables.<\/li>\n<li>La segmentation de vos march\u00e9s par type de clients et par secteurs vous permettra d&rsquo;adapter votre offre.<\/li>\n<li>En analysant les ventes et en faisant un audit-client, je peux recommander des ajustements pour mieux vous positionner.<\/li>\n<\/ul>\n<p>&nbsp;<\/p>\n","protected":false},"excerpt":{"rendered":"<p>Strat\u00e9gies et conseils marketing pour d\u00e9velopper son entreprise Voici une liste d&rsquo;actions strat\u00e9giques pour aider \u00e0 bien d\u00e9velopper son entreprise afin d&rsquo;augmenter sa notori\u00e9t\u00e9, ses ventes et sa rentabilit\u00e9. D\u00e9finir ce que vous avez \u00e0 offrir afin que ce soit attirant, int\u00e9ressant et convainquant Cibler et\u00a0conna\u00eetre votre client\u00e8le afin d&rsquo;adapter vos strat\u00e9gies de communication et [&hellip;]<\/p>\n","protected":false},"author":2,"featured_media":0,"parent":0,"menu_order":0,"comment_status":"closed","ping_status":"closed","template":"","meta":[],"_links":{"self":[{"href":"https:\/\/claudiabeauregard.com\/blog\/wp-json\/wp\/v2\/pages\/350"}],"collection":[{"href":"https:\/\/claudiabeauregard.com\/blog\/wp-json\/wp\/v2\/pages"}],"about":[{"href":"https:\/\/claudiabeauregard.com\/blog\/wp-json\/wp\/v2\/types\/page"}],"author":[{"embeddable":true,"href":"https:\/\/claudiabeauregard.com\/blog\/wp-json\/wp\/v2\/users\/2"}],"replies":[{"embeddable":true,"href":"https:\/\/claudiabeauregard.com\/blog\/wp-json\/wp\/v2\/comments?post=350"}],"version-history":[{"count":23,"href":"https:\/\/claudiabeauregard.com\/blog\/wp-json\/wp\/v2\/pages\/350\/revisions"}],"predecessor-version":[{"id":523,"href":"https:\/\/claudiabeauregard.com\/blog\/wp-json\/wp\/v2\/pages\/350\/revisions\/523"}],"wp:attachment":[{"href":"https:\/\/claudiabeauregard.com\/blog\/wp-json\/wp\/v2\/media?parent=350"}],"curies":[{"name":"wp","href":"https:\/\/api.w.org\/{rel}","templated":true}]}}