{"id":1,"date":"2015-12-08T16:46:03","date_gmt":"2015-12-08T15:46:03","guid":{"rendered":"http:\/\/claudiabeauregardblog.wordpress.com\/?page_id=1"},"modified":"2020-04-30T09:26:05","modified_gmt":"2020-04-30T13:26:05","slug":"a-propos-claudia","status":"publish","type":"page","link":"https:\/\/claudiabeauregard.com\/blog\/a-propos-claudia\/","title":{"rendered":"\u00c0 propos de Claudia"},"content":{"rendered":"<h2>R\u00e9dactrice et consultante marketing en Estrie<\/h2>\n<p>Depuis plus de 20 ans, je suis une r\u00e9dactrice et conseill\u00e8re marketing en Estrie et \u00e0 Montr\u00e9al pour structurer, outiller et promouvoir des manufacturiers, distributeurs, organismes, PME et associations. J&rsquo;ai travaill\u00e9 \u00e0 Montr\u00e9al 10 ans pour des agences de communication marketing. Puis j&rsquo;ai d\u00e9marr\u00e9 mon entreprise en 2006 sous le nom de <a href=\"http:\/\/claudiabeauregard.com\/\" target=\"_blank\" rel=\"noopener noreferrer\">Beauregard gestion_communication\u00a0<\/a>\u00a0en Estrie, dans le Haut-Saint-Fran\u00e7ois, pr\u00e8s de Sherbrooke. J&rsquo;ai aid\u00e9 une centaine de <a href=\"http:\/\/claudiabeauregard.com\/ou.html\">clients<\/a> \u00e0 mieux g\u00e9rer leur budget marketing afin d&rsquo;am\u00e9liorer leur notori\u00e9t\u00e9, leurs communications et leurs ventes. \u00a0J&rsquo;ai donn\u00e9 plusieurs formations en\u00a0gestion, analyse des ventes, analyse de march\u00e9s, marketing, commercialisation, moyens promotionnels et publicitaires, prospection, vente et service \u00e0 la client\u00e8le.<\/p>\n<h3>Comment les gens me d\u00e9crivent<\/h3>\n<p>Passionn\u00e9e, sensible, d\u00e9brouillarde, \u00e0 l&rsquo;\u00e9coute, organisatrice, efficace, cr\u00e9ative,\u00a0rapide pour rechercher, analyser et\u00a0synth\u00e9tiser de l&rsquo;information<\/p>\n<p>Je suis une passionn\u00e9e des mots, de la musique et des bons repas.\u00a0J&rsquo;ai publi\u00e9 un recueil de lettres po\u00e9tiques \u00e9crit dans le feu de mes \u00e9motions et passions\u00a0<a href=\"http:\/\/www.claudiabeauregard.com\/livre\/index.htm\" target=\"_blank\" rel=\"noopener noreferrer\">http:\/\/www.claudiabeauregard.com\/livre\/index.htm<\/a><br \/>\nJe vais partager dans ce blogue des informations que je cherchais moi-m\u00eame pour mieux vivre avec la maladie de Crohn et am\u00e9liorer ma sant\u00e9, des strat\u00e9gies marketing pour d\u00e9marrer mon entreprise, des conseils pour n\u00e9gocier\u00a0avec la compagnie d&rsquo;assurance apr\u00e8s avoir tout perdu lors d&rsquo;un incendie et pour reconstruire ma maison.<\/p>\n<p><a href=\"claudia@claudiabeauregard.com\" target=\"_blank\" rel=\"noopener noreferrer\">Contactez-moi <\/a>pour conna\u00eetre mes nombreux mandats et les strat\u00e9gies pour\u00a0augmenter votre positionnement dans Google.<br \/>\nRegardez les derniers<a href=\"http:\/\/claudiabeauregard.com\/blog\/sites-web-wordpress\/\"> sites web WordPress <\/a>que j&rsquo;ai con\u00e7us avec mon \u00e9quipe.<\/p>\n<p><img decoding=\"async\" loading=\"lazy\" class=\"alignnone wp-image-225 size-full\" title=\"marketing en Estrie claudia beauregard auteur tournesol\" src=\"http:\/\/claudiabeauregard.com\/blog\/wp-content\/uploads\/2015\/12\/tournesol_claudia_beauregard.jpg\" alt=\"marketing en estrie claudia Beauregard tournesol auteur\" width=\"1080\" height=\"417\" srcset=\"https:\/\/claudiabeauregard.com\/blog\/wp-content\/uploads\/2015\/12\/tournesol_claudia_beauregard.jpg 1080w, https:\/\/claudiabeauregard.com\/blog\/wp-content\/uploads\/2015\/12\/tournesol_claudia_beauregard-300x116.jpg 300w, https:\/\/claudiabeauregard.com\/blog\/wp-content\/uploads\/2015\/12\/tournesol_claudia_beauregard-768x297.jpg 768w, https:\/\/claudiabeauregard.com\/blog\/wp-content\/uploads\/2015\/12\/tournesol_claudia_beauregard-1024x395.jpg 1024w\" sizes=\"(max-width: 1080px) 100vw, 1080px\" \/><\/p>\n","protected":false},"excerpt":{"rendered":"<p>R\u00e9dactrice et consultante marketing en Estrie Depuis plus de 20 ans, je suis une r\u00e9dactrice et conseill\u00e8re marketing en Estrie et \u00e0 Montr\u00e9al pour structurer, outiller et promouvoir des manufacturiers, distributeurs, organismes, PME et associations. J&rsquo;ai travaill\u00e9 \u00e0 Montr\u00e9al 10 ans pour des agences de communication marketing. Puis j&rsquo;ai d\u00e9marr\u00e9 mon entreprise en 2006 sous [&hellip;]<\/p>\n","protected":false},"author":2,"featured_media":0,"parent":0,"menu_order":0,"comment_status":"closed","ping_status":"closed","template":"home-panels.php","meta":[],"_links":{"self":[{"href":"https:\/\/claudiabeauregard.com\/blog\/wp-json\/wp\/v2\/pages\/1"}],"collection":[{"href":"https:\/\/claudiabeauregard.com\/blog\/wp-json\/wp\/v2\/pages"}],"about":[{"href":"https:\/\/claudiabeauregard.com\/blog\/wp-json\/wp\/v2\/types\/page"}],"author":[{"embeddable":true,"href":"https:\/\/claudiabeauregard.com\/blog\/wp-json\/wp\/v2\/users\/2"}],"replies":[{"embeddable":true,"href":"https:\/\/claudiabeauregard.com\/blog\/wp-json\/wp\/v2\/comments?post=1"}],"version-history":[{"count":28,"href":"https:\/\/claudiabeauregard.com\/blog\/wp-json\/wp\/v2\/pages\/1\/revisions"}],"predecessor-version":[{"id":543,"href":"https:\/\/claudiabeauregard.com\/blog\/wp-json\/wp\/v2\/pages\/1\/revisions\/543"}],"wp:attachment":[{"href":"https:\/\/claudiabeauregard.com\/blog\/wp-json\/wp\/v2\/media?parent=1"}],"curies":[{"name":"wp","href":"https:\/\/api.w.org\/{rel}","templated":true}]}}