{"id":149,"date":"2016-01-21T01:00:52","date_gmt":"2016-01-21T06:00:52","guid":{"rendered":"http:\/\/claudiabeauregard.com\/blog\/?page_id=149"},"modified":"2019-09-05T10:33:57","modified_gmt":"2019-09-05T14:33:57","slug":"redactrice-web-strategique","status":"publish","type":"page","link":"http:\/\/claudiabeauregard.com\/blog\/","title":{"rendered":"R\u00e9dactrice web strat\u00e9gique- Blog Claudia Beauregard"},"content":{"rendered":"<div id=\"pl-149\"  class=\"panel-layout\" ><div id=\"pg-149-0\"  class=\"panel-grid panel-no-style\" ><div id=\"pgc-149-0-0\"  class=\"panel-grid-cell\" ><div id=\"panel-149-0-0-0\" class=\"so-panel widget widget_circleicon-widget panel-first-child panel-last-child\" data-index=\"0\" >\t\t<div class=\"circle-icon-box circle-icon-position-top circle-icon-hide-box circle-icon-size-small \">\n\t\t\t\t\t\t\t<div class=\"circle-icon-wrapper\">\n\t\t\t\t\t\t\t\t\t\t<a href=\"http:\/\/claudiabeauregard.com\/blog\/redaction-web\" class=\"link-icon\" >\t\t\t\t\t<div class=\"circle-icon\" >\n\t\t\t\t\t\t\t\t\t\t\t\t\t<div class=\"fa fa-pencil-square-o\" ><\/div>\n\t\t\t\t\t\t\t\t\t\t\t<\/div> \n\t\t\t\t\t<\/a>\t\t\t\t<\/div>\n\t\t\t\n\t\t\t\t\t\t\t<a href=\"http:\/\/claudiabeauregard.com\/blog\/redaction-web\" class=\"link-title\" >\n\t\t\t\t\t\t\t\t\t\t<h4 >\n\t\t\t\t\tR\u00e9dactrice web strat\u00e9gique\t\t\t\t<\/h4>\n\t\t\t\t\t\t\t\t\t\t<\/a>\n\t\t\t\n\t\t\t\t\t\t\t<p class=\"text\" >Rechercher, analyser, jouer avec les mots pour vous mettre en valeur. R\u00e9daction de d\u00e9pliant, site web, SEO, Google Adwords, plan de communication, publicit\u00e9, blogue, communiqu\u00e9, m\u00e9dias sociaux.<\/p>\n\t\t\t\t\t\t\t\t\t\t<a href=\"http:\/\/claudiabeauregard.com\/blog\/redaction-web\" class=\"more-button\" >En savoir plus <i><\/i><\/a>\n\t\t\t\t\t<\/div>\n\t\t<\/div><\/div><div id=\"pgc-149-0-1\"  class=\"panel-grid-cell\" ><div id=\"panel-149-0-1-0\" class=\"so-panel widget widget_circleicon-widget panel-first-child panel-last-child\" data-index=\"1\" >\t\t<div class=\"circle-icon-box circle-icon-position-top circle-icon-hide-box circle-icon-size-small \">\n\t\t\t\t\t\t\t<div class=\"circle-icon-wrapper\">\n\t\t\t\t\t\t\t\t\t\t<a href=\"http:\/\/claudiabeauregard.com\/blog\/conseillere-marketing\" class=\"link-icon\" >\t\t\t\t\t<div class=\"circle-icon\" >\n\t\t\t\t\t\t\t\t\t\t\t\t\t<div class=\"fa fa-plus-square\" ><\/div>\n\t\t\t\t\t\t\t\t\t\t\t<\/div> \n\t\t\t\t\t<\/a>\t\t\t\t<\/div>\n\t\t\t\n\t\t\t\t\t\t\t<a href=\"http:\/\/claudiabeauregard.com\/blog\/conseillere-marketing\" class=\"link-title\" >\n\t\t\t\t\t\t\t\t\t\t<h4 >\n\t\t\t\t\tConseill\u00e8re marketing et strat\u00e9gies RH\t\t\t\t<\/h4>\n\t\t\t\t\t\t\t\t\t\t<\/a>\n\t\t\t\n\t\t\t\t\t\t\t<p class=\"text\" >Structurer, outiller et promouvoir les entreprises et organismes depuis 22 ans \u00e0 Montr\u00e9al et en Estrie.  Plan marketing, strat\u00e9gies de commercialisation, positionnement, marketing RH (recrutement, int\u00e9gration, mobilisation).<\/p>\n\t\t\t\t\t\t\t\t\t\t<a href=\"http:\/\/claudiabeauregard.com\/blog\/conseillere-marketing\" class=\"more-button\" >Lire davantage <i><\/i><\/a>\n\t\t\t\t\t<\/div>\n\t\t<\/div><\/div><div id=\"pgc-149-0-2\"  class=\"panel-grid-cell\" ><div id=\"panel-149-0-2-0\" class=\"so-panel widget widget_circleicon-widget panel-first-child panel-last-child\" data-index=\"2\" >\t\t<div class=\"circle-icon-box circle-icon-position-top circle-icon-hide-box circle-icon-size-small \">\n\t\t\t\t\t\t\t<div class=\"circle-icon-wrapper\">\n\t\t\t\t\t\t\t\t\t\t<a href=\"http:\/\/claudiabeauregard.com\/blog\/developper-son-entreprise\/\" class=\"link-icon\" >\t\t\t\t\t<div class=\"circle-icon\" >\n\t\t\t\t\t\t\t\t\t\t\t\t\t<div class=\"fa fa-level-up\" ><\/div>\n\t\t\t\t\t\t\t\t\t\t\t<\/div> \n\t\t\t\t\t<\/a>\t\t\t\t<\/div>\n\t\t\t\n\t\t\t\t\t\t\t<a href=\"http:\/\/claudiabeauregard.com\/blog\/developper-son-entreprise\/\" class=\"link-title\" >\n\t\t\t\t\t\t\t\t\t\t<h4 >\n\t\t\t\t\tD\u00e9marrage d&rsquo;entreprise\t\t\t\t<\/h4>\n\t\t\t\t\t\t\t\t\t\t<\/a>\n\t\t\t\n\t\t\t\t\t\t\t<p class=\"text\" >Faire un diagnostic et mettre en place les strat\u00e9gies pour rendre votre entreprise plus attrayante et performante. Cr\u00e9ation d'entreprise, plan d'affaires, demande de subvention, branding, coaching sur le d\u00e9veloppement d'affaires, outils de vente<\/p>\n\t\t\t\t\t\t\t\t\t\t<a href=\"http:\/\/claudiabeauregard.com\/blog\/developper-son-entreprise\/\" class=\"more-button\" >En savoir plus <i><\/i><\/a>\n\t\t\t\t\t<\/div>\n\t\t<\/div><\/div><\/div><div id=\"pg-149-1\"  class=\"panel-grid panel-has-style\" ><div class=\"wide-grey panel-row-style panel-row-style-for-149-1\" ><div id=\"pgc-149-1-0\"  class=\"panel-grid-cell\" ><div id=\"panel-149-1-0-0\" class=\"so-panel widget widget_headline-widget panel-first-child panel-last-child\" data-index=\"3\" ><div class=\"panel-widget-style panel-widget-style-for-149-1-0-0\" >\t\t<h1>La passion des mots - \u00catre \u00e9mue et \u00e9mouvoir<\/h1>\n\t\t<div class=\"decoration\"><div class=\"decoration-inside\"><\/div><\/div>\n\t\t<h3><\/h3>\n\t\t<\/div><\/div><\/div><\/div><\/div><div id=\"pg-149-2\"  class=\"panel-grid panel-no-style\" ><div id=\"pgc-149-2-0\"  class=\"panel-grid-cell\" ><div id=\"panel-149-2-0-0\" class=\"so-panel widget widget_siteorigin-panels-postloop panel-first-child panel-last-child\" data-index=\"4\" ><h3 class=\"widget-title\">Derni\u00e8res publications de mon blogue<\/h3>\n\t<div id=\"vantage-circleicon-loop\" class=\"vantage-circleicon-loop circleicon-loop-columns-3\">\n\n\t\t<div class=\"widget widget_circleicon-widget\">\t\t<div class=\"circle-icon-box circle-icon-position-top circle-icon-hide-box circle-icon-size-small \">\n\t\t\t\t\t\t\t<div class=\"circle-icon-wrapper\">\n\t\t\t\t\t\t\t\t\t\t<a href=\"http:\/\/claudiabeauregard.com\/blog\/ce-qui-nous-rend-heureux\/\" class=\"link-icon\" >\t\t\t\t\t<div class=\"circle-icon\" >\n\t\t\t\t\t\t\t\t\t\t\t<\/div> \n\t\t\t\t\t<\/a>\t\t\t\t<\/div>\n\t\t\t\n\t\t\t\t\t\t\t<a href=\"http:\/\/claudiabeauregard.com\/blog\/ce-qui-nous-rend-heureux\/\" class=\"link-title\" >\n\t\t\t\t\t\t\t\t\t\t<h4 >\n\t\t\t\t\tCe qui nous rend heureux\t\t\t\t<\/h4>\n\t\t\t\t\t\t\t\t\t\t<\/a>\n\t\t\t\n\t\t\t\t\t\t\t<p class=\"text\" >&nbsp; Je vous partage aujourd&rsquo;hui deux r\u00e9centes\u00a0\u00e9tudes cr\u00e9dibles sur ce qui nous rend heureux. Sommes-nous plus\u00a0heureux en travaillant moins, comme quatre jours par semaine, pour avoir plus de temps pour soi ou bien en travaillant plus pour pouvoir se payer des r\u00e9compenses et r\u00e9aliser nos r\u00eaves? Les r\u00e9sultats de l&rsquo;\u00e9tude d&rsquo;Elizabeth Dunn, professeure de psychologie [&hellip;]<\/p>\n\t\t\t\t\t\t\t\t\t\t<a href=\"http:\/\/claudiabeauregard.com\/blog\/ce-qui-nous-rend-heureux\/\" class=\"more-button\" >Lire davantage <i><\/i><\/a>\n\t\t\t\t\t<\/div>\n\t\t<\/div><div class=\"widget widget_circleicon-widget\">\t\t<div class=\"circle-icon-box circle-icon-position-top circle-icon-hide-box circle-icon-size-small \">\n\t\t\t\t\t\t\t<div class=\"circle-icon-wrapper\">\n\t\t\t\t\t\t\t\t\t\t<a href=\"http:\/\/claudiabeauregard.com\/blog\/je-nous-souhaite\/\" class=\"link-icon\" >\t\t\t\t\t<div class=\"circle-icon\" >\n\t\t\t\t\t\t\t\t\t\t\t<\/div> \n\t\t\t\t\t<\/a>\t\t\t\t<\/div>\n\t\t\t\n\t\t\t\t\t\t\t<a href=\"http:\/\/claudiabeauregard.com\/blog\/je-nous-souhaite\/\" class=\"link-title\" >\n\t\t\t\t\t\t\t\t\t\t<h4 >\n\t\t\t\t\tJe nous souhaite en 2016\t\t\t\t<\/h4>\n\t\t\t\t\t\t\t\t\t\t<\/a>\n\t\t\t\n\t\t\t\t\t\t\t<p class=\"text\" >&nbsp; Comprendre les messages de notre corps et nous ajuster Agir par amour et non par peur S\u2019\u00e9merveiller devant la cr\u00e9ativit\u00e9 Prendre le temps de respirer profond\u00e9ment D\u00e9velopper des liens de confiance Prioriser notre \u00e9quilibre de vie S\u2019a\u00e9rer nos poumons et nos id\u00e9es Partager des repas savoureux Contempler les beaut\u00e9s de la nature S\u2019\u00e9mouvoir devant [&hellip;]<\/p>\n\t\t\t\t\t\t\t\t\t\t<a href=\"http:\/\/claudiabeauregard.com\/blog\/je-nous-souhaite\/\" class=\"more-button\" >Lire davantage <i><\/i><\/a>\n\t\t\t\t\t<\/div>\n\t\t<\/div><div class=\"widget widget_circleicon-widget\">\t\t<div class=\"circle-icon-box circle-icon-position-top circle-icon-hide-box circle-icon-size-small \">\n\t\t\t\t\t\t\t<div class=\"circle-icon-wrapper\">\n\t\t\t\t\t\t\t\t\t\t<a href=\"http:\/\/claudiabeauregard.com\/blog\/vous-proteger-des-assureurs\/\" class=\"link-icon\" >\t\t\t\t\t<div class=\"circle-icon\" >\n\t\t\t\t\t\t\t\t\t\t\t<\/div> \n\t\t\t\t\t<\/a>\t\t\t\t<\/div>\n\t\t\t\n\t\t\t\t\t\t\t<a href=\"http:\/\/claudiabeauregard.com\/blog\/vous-proteger-des-assureurs\/\" class=\"link-title\" >\n\t\t\t\t\t\t\t\t\t\t<h4 >\n\t\t\t\t\tVous prot\u00e9ger des assureurs\t\t\t\t<\/h4>\n\t\t\t\t\t\t\t\t\t\t<\/a>\n\t\t\t\n\t\t\t\t\t\t\t<p class=\"text\" >M\u00eame si votre police d&rsquo;assurance couvre l&rsquo;ensemble de vos bien et de votre maison, ce sera un combat avec l&rsquo;assureur\u00a0pour\u00a0prouver ce que vous aviez. Voici quelques conseils pour faciliter votre demande de r\u00e9clamation \u00e0 votre assureur lors d&rsquo;un incendie ou vol. Si vous faire une demande de r\u00e9clamation \u00e0 la suite d&rsquo;un incendie, vous devrez [&hellip;]<\/p>\n\t\t\t\t\t\t\t\t\t\t<a href=\"http:\/\/claudiabeauregard.com\/blog\/vous-proteger-des-assureurs\/\" class=\"more-button\" >Lire davantage <i><\/i><\/a>\n\t\t\t\t\t<\/div>\n\t\t<\/div>\t\t\t\t<div class=\"clear\"><\/div>\n\t\t\t\t\t<\/div>\n\t<\/div><\/div><div id=\"pgc-149-2-1\"  class=\"panel-grid-cell\" ><div id=\"panel-149-2-1-0\" class=\"so-panel widget widget_text panel-first-child\" data-index=\"5\" ><h3 class=\"widget-title\">Claudia Beauregard r\u00e9dactrice<\/h3>\t\t\t<div class=\"textwidget\"><\/div>\n\t\t<\/div><div id=\"panel-149-2-1-1\" class=\"so-panel widget widget_categories\" data-index=\"6\" ><h3 class=\"widget-title\">Cat\u00e9gories<\/h3>\n\t\t\t<ul>\n\t\t\t\t\t<li class=\"cat-item cat-item-6\"><a href=\"http:\/\/claudiabeauregard.com\/blog\/category\/meilleure-sante\/\">Meilleure sant\u00e9<\/a>\n<\/li>\n\t<li class=\"cat-item cat-item-4\"><a href=\"http:\/\/claudiabeauregard.com\/blog\/category\/negocier-avec-les-assureurs\/\">N\u00e9gocier avec les assureurs<\/a>\n<\/li>\n\t<li class=\"cat-item cat-item-5\"><a href=\"http:\/\/claudiabeauregard.com\/blog\/category\/poesie\/\">Po\u00e9sie<\/a>\n<\/li>\n\t<li class=\"cat-item cat-item-8\"><a href=\"http:\/\/claudiabeauregard.com\/blog\/category\/meilleure-sante\/problemes-digestifs\/\">Probl\u00e8mes digestifs<\/a>\n<\/li>\n\t<li class=\"cat-item cat-item-7\"><a href=\"http:\/\/claudiabeauregard.com\/blog\/category\/strategies-marketing\/\">Strat\u00e9gies marketing<\/a>\n<\/li>\n\t\t\t<\/ul>\n\n\t\t\t<\/div>\n\t\t<div id=\"panel-149-2-1-2\" class=\"so-panel widget widget_recent-posts widget_recent_entries panel-last-child\" data-index=\"7\" >\n\t\t<h3 class=\"widget-title\">Articles r\u00e9cents<\/h3>\n\t\t<ul>\n\t\t\t\t\t\t\t\t\t\t\t<li>\n\t\t\t\t\t<a href=\"http:\/\/claudiabeauregard.com\/blog\/nausee\/\">Naus\u00e9e<\/a>\n\t\t\t\t\t\t\t\t\t<\/li>\n\t\t\t\t\t\t\t\t\t\t\t<li>\n\t\t\t\t\t<a href=\"http:\/\/claudiabeauregard.com\/blog\/citations-nicole-bordeleau\/\">Citations de Nicole Bordeleau<\/a>\n\t\t\t\t\t\t\t\t\t<\/li>\n\t\t\t\t\t\t\t\t\t\t\t<li>\n\t\t\t\t\t<a href=\"http:\/\/claudiabeauregard.com\/blog\/soulager-maux-de-ventre\/\">Soulager les maux de ventre<\/a>\n\t\t\t\t\t\t\t\t\t<\/li>\n\t\t\t\t\t\t\t\t\t\t\t<li>\n\t\t\t\t\t<a href=\"http:\/\/claudiabeauregard.com\/blog\/problemes-digestifs-probiotique-chia-orme-rouge\/\">Probl\u00e8mes digestifs : probiotique, chia, orme rouge<\/a>\n\t\t\t\t\t\t\t\t\t<\/li>\n\t\t\t\t\t\t\t\t\t\t\t<li>\n\t\t\t\t\t<a href=\"http:\/\/claudiabeauregard.com\/blog\/quiz-qui-se-connait-mieux\/\">Quiz Qui se conna\u00eet le mieux<\/a>\n\t\t\t\t\t\t\t\t\t<\/li>\n\t\t\t\t\t<\/ul>\n\n\t\t<\/div><\/div><\/div><\/div>","protected":false},"excerpt":{"rendered":"","protected":false},"author":1,"featured_media":0,"parent":0,"menu_order":0,"comment_status":"closed","ping_status":"closed","template":"home-panels.php","meta":{"_monsterinsights_skip_tracking":false,"_monsterinsights_sitenote_active":false,"_monsterinsights_sitenote_note":"","_monsterinsights_sitenote_category":0},"_links":{"self":[{"href":"http:\/\/claudiabeauregard.com\/blog\/wp-json\/wp\/v2\/pages\/149"}],"collection":[{"href":"http:\/\/claudiabeauregard.com\/blog\/wp-json\/wp\/v2\/pages"}],"about":[{"href":"http:\/\/claudiabeauregard.com\/blog\/wp-json\/wp\/v2\/types\/page"}],"author":[{"embeddable":true,"href":"http:\/\/claudiabeauregard.com\/blog\/wp-json\/wp\/v2\/users\/1"}],"replies":[{"embeddable":true,"href":"http:\/\/claudiabeauregard.com\/blog\/wp-json\/wp\/v2\/comments?post=149"}],"version-history":[{"count":29,"href":"http:\/\/claudiabeauregard.com\/blog\/wp-json\/wp\/v2\/pages\/149\/revisions"}],"predecessor-version":[{"id":525,"href":"http:\/\/claudiabeauregard.com\/blog\/wp-json\/wp\/v2\/pages\/149\/revisions\/525"}],"wp:attachment":[{"href":"http:\/\/claudiabeauregard.com\/blog\/wp-json\/wp\/v2\/media?parent=149"}],"curies":[{"name":"wp","href":"https:\/\/api.w.org\/{rel}","templated":true}]}}